{"id":32342,"date":"2025-05-08T10:53:00","date_gmt":"2025-05-08T04:53:00","guid":{"rendered":"https:\/\/foxperiodical.com\/redaktionelle-politik\/"},"modified":"2025-08-20T15:29:58","modified_gmt":"2025-08-20T09:29:58","slug":"redaktionelle-politik","status":"publish","type":"page","link":"https:\/\/foxperiodical.com\/de\/redaktionelle-politik\/","title":{"rendered":"Redaktionelle Politik"},"content":{"rendered":"&#13;\n<p>Bei <a href=\"https:\/\/foxperiodical.com\/de\/\">Foxperiodical<span data-mce-type=\"bookmark\" style=\"display: inline-block; width: 0px; overflow: hidden; line-height: 0;\" class=\"mce_SELRES_start\"><\/span>.com<\/a> haben wir uns verpflichtet, genaue, zeitnahe und zuverl\u00e4ssige Nachrichten zu liefern - insbesondere zu den Themen Bildung, Pr\u00fcfungs-Updates, Zulassungskarten, Ergebnisse und Hochschulzulassungen in Bangladesch und Indien. Unsere redaktionellen Standards spiegeln unser Engagement f\u00fcr Vertrauen, Neutralit\u00e4t und einen Journalismus wider, bei dem der Leser im Mittelpunkt steht. <\/p>&#13;\n&#13;\n<h3 class=\"wp-block-heading\">Unser Auftrag<\/h3>&#13;\n&#13;\n<p>Unser Ziel ist es, Ihre vertrauensw\u00fcrdige Quelle f\u00fcr verifizierte Bildungsnachrichten zu sein. Ganz gleich, ob es sich um einen bevorstehenden Pr\u00fcfungstermin oder um die Bekanntgabe von Universit\u00e4tsergebnissen handelt, wir arbeiten hart daran, dass jeder von uns ver\u00f6ffentlichte Artikel klar, pr\u00e4zise und leicht verst\u00e4ndlich ist. <\/p>&#13;\n&#13;\n<h3 class=\"wp-block-heading\">Prozess der Inhaltserstellung<\/h3>&#13;\n&#13;\n<p>Jede Nachricht durchl\u00e4uft einen strukturierten redaktionellen Arbeitsablauf:<\/p>&#13;\n&#13;\n<p><strong>1. Quellen\u00fcberpr\u00fcfung<\/strong><\/p>&#13;\n&#13;\n<p>Wir sammeln nur Informationen von offiziellen Regierungswebseiten, Schulbeh\u00f6rden und verifizierten Institutionen. Keine Ger\u00fcchte, keine Spekulationen. <\/p>&#13;\n&#13;\n<p><strong>2. Redaktionelle \u00dcberpr\u00fcfung<\/strong><\/p>&#13;\n&#13;\n<p>Jeder Artikel wird von unserem Redaktionsteam gepr\u00fcft, um sicherzustellen:<\/p>&#13;\n\r\n<ul class=\"wp-block-list\">&#13;\n<li>Faktische Genauigkeit<\/li>&#13;\n\r\n\r\n&#13;\n<li>Klarheit und Lesbarkeit<\/li>&#13;\n\r\n\r\n&#13;\n<li>Relevanz f\u00fcr unser Publikum<\/li>&#13;\n<\/ul>\r\n&#13;\n<p><strong>3. Schnell, aber verantwortungsvoll ver\u00f6ffentlichen<\/strong><\/p>&#13;\n&#13;\n<p>Bei Eilmeldungen ver\u00f6ffentlichen wir m\u00f6glicherweise zun\u00e4chst kurze Updates mit einem deutlichen Hinweis:<\/p>&#13;\n\r\n<blockquote class=\"wp-block-quote is-layout-flow wp-block-quote-is-layout-flow\">&#13;\n<p>\"Dies ist eine sich entwickelnde Geschichte. Wir werden diesen Artikel aktualisieren, sobald neue Informationen verf\u00fcgbar sind.\"<\/p>&#13;\n<\/blockquote>\r\n&#13;\n<p><strong>4. Rechtzeitige Updates<\/strong><\/p>&#13;\n&#13;\n<p>Bildungsnachrichten \u00e4ndern sich oft schnell. Wir \u00fcberpr\u00fcfen und aktualisieren die ver\u00f6ffentlichten Artikel regelm\u00e4\u00dfig, um die neuesten Informationen wiederzugeben. Um die Transparenz aufrechtzuerhalten, vermerken wir das Datum der \"letzten Aktualisierung\". <\/p>&#13;\n&#13;\n<h3 class=\"wp-block-heading\">Unsere redaktionellen Werte<\/h3>&#13;\n\r\n<ul class=\"wp-block-list\">&#13;\n<li><strong>Korrektheit geht vor: <\/strong>Jede Tatsache wird vor der Ver\u00f6ffentlichung doppelt gepr\u00fcft.<\/li>&#13;\n\r\n\r\n&#13;\n<li><strong>Keine Voreingenommenheit:<\/strong> Wir unterst\u00fctzen keine politischen, institutionellen oder unternehmerischen Ziele.<\/li>&#13;\n\r\n\r\n&#13;\n<li><strong>Transparenz: <\/strong>Wir legen unsere Quellen offen und geben, wann immer m\u00f6glich, offizielle Links an.<\/li>&#13;\n\r\n\r\n&#13;\n<li><strong>Richtlinien f\u00fcr Korrekturen:<\/strong> Wenn uns ein Fehler unterl\u00e4uft, korrigieren wir ihn umgehend und transparent. Leser k\u00f6nnen uns Fehler \u00fcber unsere <a href=\"https:\/\/foxperiodical.com\/de\/kontaktieren-sie-uns\/\">Seite Kontakt<\/a> melden. <\/li>&#13;\n<\/ul>\r\n&#13;\n<h3 class=\"wp-block-heading\">Unser Redaktionsteam<\/h3>&#13;\n&#13;\n<p>Unsere Autoren und Redakteure kommen aus dem akademischen und journalistischen Bereich. Wir kennen die Bildungssysteme sowohl in Indien als auch in Bangladesch, was uns hilft, kontextreiche Geschichten zu liefern, die von Bedeutung sind. <\/p>&#13;\n&#13;\n<h3 class=\"wp-block-heading\">Gesponserte oder von Dritten stammende Inhalte<\/h3>&#13;\n&#13;\n<p>Wir lassen nicht zu, dass bezahlte redaktionelle Inhalte unsere Nachrichtenartikel beeinflussen.<\/p>&#13;\n&#13;\n<h3 class=\"wp-block-heading\">Feedback &amp; Korrekturen<\/h3>&#13;\n&#13;\n<p>Wir sch\u00e4tzen die Anregungen unserer Leser. Wenn Ihnen etwas auff\u00e4llt, das korrigiert oder verbessert werden muss, schreiben Sie uns bitte an editor@foxperiodical.com oder verwenden Sie unser <a href=\"https:\/\/foxperiodical.com\/de\/kontaktieren-sie-uns\/\">Kontaktformular<\/a>. <\/p>&#13;\n","protected":false},"excerpt":{"rendered":"<p>&#13; Bei Foxperiodical.com haben wir uns verpflichtet, genaue, zeitnahe und zuverl\u00e4ssige Nachrichten zu liefern &#8211; insbesondere zu den Themen Bildung, Pr\u00fcfungs-Updates, Zulassungskarten, Ergebnisse und Hochschulzulassungen in Bangladesch und Indien. Unsere redaktionellen Standards spiegeln unser Engagement f\u00fcr Vertrauen, Neutralit\u00e4t und einen Journalismus wider, bei dem der Leser im Mittelpunkt steht. &#13; &#13; Unser Auftrag &#13; &#13; [&hellip;]<\/p>\n","protected":false},"author":1,"featured_media":0,"parent":0,"menu_order":0,"comment_status":"closed","ping_status":"closed","template":"","meta":{"footnotes":""},"class_list":["post-32342","page","type-page","status-publish","hentry"],"yoast_head":"<!-- This site is optimized with the Yoast SEO Premium plugin v25.3.1 (Yoast SEO v25.9) - https:\/\/yoast.com\/wordpress\/plugins\/seo\/ -->\n<title>Redaktionelle Politik - Foxperiodical<\/title>\n<meta name=\"robots\" content=\"index, follow, max-snippet:-1, max-image-preview:large, max-video-preview:-1\" \/>\n<link rel=\"canonical\" href=\"https:\/\/foxperiodical.com\/de\/redaktionelle-politik\/\" \/>\n<meta property=\"og:locale\" content=\"de_DE\" \/>\n<meta property=\"og:type\" content=\"article\" \/>\n<meta property=\"og:title\" content=\"Redaktionelle Politik\" \/>\n<meta property=\"og:description\" content=\"&#013; Bei Foxperiodical.com haben wir uns verpflichtet, genaue, zeitnahe und zuverl\u00e4ssige Nachrichten zu liefern - insbesondere zu den Themen Bildung, Pr\u00fcfungs-Updates, Zulassungskarten, Ergebnisse und Hochschulzulassungen in Bangladesch und Indien. Unsere redaktionellen Standards spiegeln unser Engagement f\u00fcr Vertrauen, Neutralit\u00e4t und einen Journalismus wider, bei dem der Leser im Mittelpunkt steht. &#013; &#013; Unser Auftrag &#013; &#013; [&hellip;]\" \/>\n<meta property=\"og:url\" content=\"https:\/\/foxperiodical.com\/de\/redaktionelle-politik\/\" \/>\n<meta property=\"og:site_name\" content=\"Foxperiodical\" \/>\n<meta property=\"article:modified_time\" content=\"2025-08-20T09:29:58+00:00\" \/>\n<meta name=\"twitter:card\" content=\"summary_large_image\" \/>\n<meta name=\"twitter:label1\" content=\"Gesch\u00e4tzte Lesezeit\" \/>\n\t<meta name=\"twitter:data1\" content=\"2 Minuten\" \/>\n<script type=\"application\/ld+json\" class=\"yoast-schema-graph\">{\"@context\":\"https:\/\/schema.org\",\"@graph\":[{\"@type\":\"WebPage\",\"@id\":\"https:\/\/foxperiodical.com\/de\/redaktionelle-politik\/\",\"url\":\"https:\/\/foxperiodical.com\/de\/redaktionelle-politik\/\",\"name\":\"Redaktionelle Politik - Foxperiodical\",\"isPartOf\":{\"@id\":\"https:\/\/foxperiodical.com\/de\/#website\"},\"datePublished\":\"2025-05-08T04:53:00+00:00\",\"dateModified\":\"2025-08-20T09:29:58+00:00\",\"breadcrumb\":{\"@id\":\"https:\/\/foxperiodical.com\/de\/redaktionelle-politik\/#breadcrumb\"},\"inLanguage\":\"de\",\"potentialAction\":[{\"@type\":\"ReadAction\",\"target\":[\"https:\/\/foxperiodical.com\/de\/redaktionelle-politik\/\"]}]},{\"@type\":\"BreadcrumbList\",\"@id\":\"https:\/\/foxperiodical.com\/de\/redaktionelle-politik\/#breadcrumb\",\"itemListElement\":[{\"@type\":\"ListItem\",\"position\":1,\"name\":\"Home\",\"item\":\"https:\/\/foxperiodical.com\/de\/\"},{\"@type\":\"ListItem\",\"position\":2,\"name\":\"Redaktionelle Politik\"}]},{\"@type\":\"WebSite\",\"@id\":\"https:\/\/foxperiodical.com\/de\/#website\",\"url\":\"https:\/\/foxperiodical.com\/de\/\",\"name\":\"Foxperiodical\",\"description\":\"Your Trusted News Source for Crypto, Token and regulation\",\"publisher\":{\"@id\":\"https:\/\/foxperiodical.com\/de\/#organization\"},\"potentialAction\":[{\"@type\":\"SearchAction\",\"target\":{\"@type\":\"EntryPoint\",\"urlTemplate\":\"https:\/\/foxperiodical.com\/de\/?s={search_term_string}\"},\"query-input\":{\"@type\":\"PropertyValueSpecification\",\"valueRequired\":true,\"valueName\":\"search_term_string\"}}],\"inLanguage\":\"de\"},{\"@type\":\"Organization\",\"@id\":\"https:\/\/foxperiodical.com\/de\/#organization\",\"name\":\"Foxperiodical\",\"alternateName\":\"Foxperiodical News\",\"url\":\"https:\/\/foxperiodical.com\/de\/\",\"logo\":{\"@type\":\"ImageObject\",\"inLanguage\":\"de\",\"@id\":\"https:\/\/foxperiodical.com\/de\/#\/schema\/logo\/image\/\",\"url\":\"http:\/\/foxperiodical.com\/wp-content\/uploads\/2025\/08\/cropped-foxperiodical-logo-red-green-eyes.webp\",\"contentUrl\":\"http:\/\/foxperiodical.com\/wp-content\/uploads\/2025\/08\/cropped-foxperiodical-logo-red-green-eyes.webp\",\"width\":512,\"height\":512,\"caption\":\"Foxperiodical\"},\"image\":{\"@id\":\"https:\/\/foxperiodical.com\/de\/#\/schema\/logo\/image\/\"},\"publishingPrinciples\":\"https:\/\/foxperiodical.com\/id\/etika\/\",\"ethicsPolicy\":\"https:\/\/foxperiodical.com\/id\/etika\/\"}]}<\/script>\n<!-- \/ Yoast SEO Premium plugin. -->","yoast_head_json":{"title":"Redaktionelle Politik - Foxperiodical","robots":{"index":"index","follow":"follow","max-snippet":"max-snippet:-1","max-image-preview":"max-image-preview:large","max-video-preview":"max-video-preview:-1"},"canonical":"https:\/\/foxperiodical.com\/de\/redaktionelle-politik\/","og_locale":"de_DE","og_type":"article","og_title":"Redaktionelle Politik","og_description":"&#13; Bei Foxperiodical.com haben wir uns verpflichtet, genaue, zeitnahe und zuverl\u00e4ssige Nachrichten zu liefern - insbesondere zu den Themen Bildung, Pr\u00fcfungs-Updates, Zulassungskarten, Ergebnisse und Hochschulzulassungen in Bangladesch und Indien. Unsere redaktionellen Standards spiegeln unser Engagement f\u00fcr Vertrauen, Neutralit\u00e4t und einen Journalismus wider, bei dem der Leser im Mittelpunkt steht. &#13; &#13; Unser Auftrag &#13; &#13; [&hellip;]","og_url":"https:\/\/foxperiodical.com\/de\/redaktionelle-politik\/","og_site_name":"Foxperiodical","article_modified_time":"2025-08-20T09:29:58+00:00","twitter_card":"summary_large_image","twitter_misc":{"Gesch\u00e4tzte Lesezeit":"2 Minuten"},"schema":{"@context":"https:\/\/schema.org","@graph":[{"@type":"WebPage","@id":"https:\/\/foxperiodical.com\/de\/redaktionelle-politik\/","url":"https:\/\/foxperiodical.com\/de\/redaktionelle-politik\/","name":"Redaktionelle Politik - Foxperiodical","isPartOf":{"@id":"https:\/\/foxperiodical.com\/de\/#website"},"datePublished":"2025-05-08T04:53:00+00:00","dateModified":"2025-08-20T09:29:58+00:00","breadcrumb":{"@id":"https:\/\/foxperiodical.com\/de\/redaktionelle-politik\/#breadcrumb"},"inLanguage":"de","potentialAction":[{"@type":"ReadAction","target":["https:\/\/foxperiodical.com\/de\/redaktionelle-politik\/"]}]},{"@type":"BreadcrumbList","@id":"https:\/\/foxperiodical.com\/de\/redaktionelle-politik\/#breadcrumb","itemListElement":[{"@type":"ListItem","position":1,"name":"Home","item":"https:\/\/foxperiodical.com\/de\/"},{"@type":"ListItem","position":2,"name":"Redaktionelle Politik"}]},{"@type":"WebSite","@id":"https:\/\/foxperiodical.com\/de\/#website","url":"https:\/\/foxperiodical.com\/de\/","name":"Foxperiodical","description":"Your Trusted News Source for Crypto, Token and regulation","publisher":{"@id":"https:\/\/foxperiodical.com\/de\/#organization"},"potentialAction":[{"@type":"SearchAction","target":{"@type":"EntryPoint","urlTemplate":"https:\/\/foxperiodical.com\/de\/?s={search_term_string}"},"query-input":{"@type":"PropertyValueSpecification","valueRequired":true,"valueName":"search_term_string"}}],"inLanguage":"de"},{"@type":"Organization","@id":"https:\/\/foxperiodical.com\/de\/#organization","name":"Foxperiodical","alternateName":"Foxperiodical News","url":"https:\/\/foxperiodical.com\/de\/","logo":{"@type":"ImageObject","inLanguage":"de","@id":"https:\/\/foxperiodical.com\/de\/#\/schema\/logo\/image\/","url":"http:\/\/foxperiodical.com\/wp-content\/uploads\/2025\/08\/cropped-foxperiodical-logo-red-green-eyes.webp","contentUrl":"http:\/\/foxperiodical.com\/wp-content\/uploads\/2025\/08\/cropped-foxperiodical-logo-red-green-eyes.webp","width":512,"height":512,"caption":"Foxperiodical"},"image":{"@id":"https:\/\/foxperiodical.com\/de\/#\/schema\/logo\/image\/"},"publishingPrinciples":"https:\/\/foxperiodical.com\/id\/etika\/","ethicsPolicy":"https:\/\/foxperiodical.com\/id\/etika\/"}]}},"yoast_meta":{"yoast_wpseo_title":"","yoast_wpseo_metadesc":"","yoast_wpseo_canonical":""},"_links":{"self":[{"href":"https:\/\/foxperiodical.com\/de\/wp-json\/wp\/v2\/pages\/32342","targetHints":{"allow":["GET"]}}],"collection":[{"href":"https:\/\/foxperiodical.com\/de\/wp-json\/wp\/v2\/pages"}],"about":[{"href":"https:\/\/foxperiodical.com\/de\/wp-json\/wp\/v2\/types\/page"}],"author":[{"embeddable":true,"href":"https:\/\/foxperiodical.com\/de\/wp-json\/wp\/v2\/users\/1"}],"replies":[{"embeddable":true,"href":"https:\/\/foxperiodical.com\/de\/wp-json\/wp\/v2\/comments?post=32342"}],"version-history":[{"count":1,"href":"https:\/\/foxperiodical.com\/de\/wp-json\/wp\/v2\/pages\/32342\/revisions"}],"predecessor-version":[{"id":32343,"href":"https:\/\/foxperiodical.com\/de\/wp-json\/wp\/v2\/pages\/32342\/revisions\/32343"}],"wp:attachment":[{"href":"https:\/\/foxperiodical.com\/de\/wp-json\/wp\/v2\/media?parent=32342"}],"curies":[{"name":"wp","href":"https:\/\/api.w.org\/{rel}","templated":true}]}}