{"id":32397,"date":"2025-05-08T10:53:00","date_gmt":"2025-05-08T04:53:00","guid":{"rendered":"https:\/\/foxperiodical.com\/yayin-politikasi\/"},"modified":"2025-08-20T15:32:35","modified_gmt":"2025-08-20T09:32:35","slug":"yayin-politikasi","status":"publish","type":"page","link":"https:\/\/foxperiodical.com\/tr\/yayin-politikasi\/","title":{"rendered":"Yay\u0131n Politikas\u0131"},"content":{"rendered":"&#13;\n<p><a href=\"https:\/\/foxperiodical.com\/tr\/\">Foxperiodical<span data-mce-type=\"bookmark\" style=\"display: inline-block; width: 0px; overflow: hidden; line-height: 0;\" class=\"mce_SELRES_start\"><\/span>.com<\/a>'da, \u00f6zellikle Banglade\u015f ve Hindistan'daki E\u011fitim, S\u0131nav G\u00fcncellemeleri, Kabul Kartlar\u0131, Sonu\u00e7lar ve \u00dcniversite Kabullerine odaklanan do\u011fru, zaman\u0131nda ve g\u00fcvenilir haberler sunmay\u0131 taahh\u00fct ediyoruz. Editoryal standartlar\u0131m\u0131z g\u00fcven, tarafs\u0131zl\u0131k ve okuyucu \u00f6ncelikli gazetecili\u011fe olan ba\u011fl\u0131l\u0131\u011f\u0131m\u0131z\u0131 yans\u0131tmaktad\u0131r. <\/p>&#13;\n&#13;\n<h3 class=\"wp-block-heading\">Misyonumuz<\/h3>&#13;\n&#13;\n<p>Do\u011frulanm\u0131\u015f e\u011fitim haberleri i\u00e7in g\u00fcvenilir kayna\u011f\u0131n\u0131z olmay\u0131 hedefliyoruz. \u0130ster yakla\u015fan bir s\u0131nav tarihi isterse bir \u00fcniversite sonu\u00e7 duyurusu olsun, yay\u0131nlad\u0131\u011f\u0131m\u0131z her makalenin a\u00e7\u0131k, do\u011fru ve anla\u015f\u0131lmas\u0131 kolay olmas\u0131n\u0131 sa\u011flamak i\u00e7in \u00e7ok \u00e7al\u0131\u015f\u0131yoruz. <\/p>&#13;\n&#13;\n<h3 class=\"wp-block-heading\">\u0130\u00e7erik Olu\u015fturma S\u00fcreci<\/h3>&#13;\n&#13;\n<p>Her haber yap\u0131land\u0131r\u0131lm\u0131\u015f bir editoryal i\u015f ak\u0131\u015f\u0131ndan ge\u00e7er:<\/p>&#13;\n&#13;\n<p><strong>1. Kaynak Do\u011frulama<\/strong><\/p>&#13;\n&#13;\n<p>Yaln\u0131zca resmi devlet web sitelerinden, e\u011fitim kurullar\u0131ndan ve do\u011frulanm\u0131\u015f kurumlardan bilgi topluyoruz. S\u00f6ylenti yok, spek\u00fclasyon yok. <\/p>&#13;\n&#13;\n<p><strong>2. Editoryal \u0130nceleme<\/strong><\/p>&#13;\n&#13;\n<p>Her makale, edit\u00f6r ekibimiz taraf\u0131ndan kontrol edilmektedir:<\/p>&#13;\n\r\n<ul class=\"wp-block-list\">&#13;\n<li>Ger\u00e7eklere dayal\u0131 do\u011fruluk<\/li>&#13;\n\r\n\r\n&#13;\n<li>Netlik ve okunabilirlik<\/li>&#13;\n\r\n\r\n&#13;\n<li>Hedef kitlemize uygunluk<\/li>&#13;\n<\/ul>\r\n&#13;\n<p><strong>3. H\u0131zl\u0131 ama Sorumlu Yay\u0131nc\u0131l\u0131k<\/strong><\/p>&#13;\n&#13;\n<p>Son dakika haberlerinde, ba\u015flang\u0131\u00e7ta a\u00e7\u0131k bir notla birlikte k\u0131sa g\u00fcncellemeler yay\u0131nlayabiliriz:<\/p>&#13;\n\r\n<blockquote class=\"wp-block-quote is-layout-flow wp-block-quote-is-layout-flow\">&#13;\n<p>\"Bu geli\u015fmekte olan bir hikaye. Yeni bilgiler elde edildik\u00e7e bu makaleyi g\u00fcncelleyece\u011fiz.\"<\/p>&#13;\n<\/blockquote>\r\n&#13;\n<p><strong>4. Zaman\u0131nda G\u00fcncellemeler<\/strong><\/p>&#13;\n&#13;\n<p>E\u011fitim haberleri genellikle h\u0131zl\u0131 bir \u015fekilde de\u011fi\u015fir. En son bilgileri yans\u0131tmak i\u00e7in yay\u0131nlanan makaleleri s\u0131k s\u0131k g\u00f6zden ge\u00e7irip g\u00fcncelliyor ve \"Son G\u00fcncelleme\" tarihini belirterek \u015feffafl\u0131\u011f\u0131 koruyoruz. <\/p>&#13;\n&#13;\n<h3 class=\"wp-block-heading\">Editoryal De\u011ferlerimiz<\/h3>&#13;\n\r\n<ul class=\"wp-block-list\">&#13;\n<li><strong>\u00d6nce Do\u011fruluk: <\/strong>Yay\u0131nlamadan \u00f6nce her bilgi iki kez kontrol edilir.<\/li>&#13;\n\r\n\r\n&#13;\n<li><strong>\u00d6nyarg\u0131 Yok:<\/strong> Herhangi bir siyasi, kurumsal veya kurumsal g\u00fcndemi desteklemiyoruz.<\/li>&#13;\n\r\n\r\n&#13;\n<li><strong>\u015eeffafl\u0131k: <\/strong>Kaynaklar\u0131m\u0131z\u0131 a\u00e7\u0131kl\u0131yor ve m\u00fcmk\u00fcn oldu\u011funca resmi ba\u011flant\u0131lara at\u0131fta bulunuyoruz.<\/li>&#13;\n\r\n\r\n&#13;\n<li><strong>D\u00fczeltme Politikas\u0131:<\/strong> Bir hata yaparsak, bunu derhal ve \u015feffaf bir \u015fekilde d\u00fczeltiriz. Okuyucular hatalar\u0131 <a href=\"https:\/\/foxperiodical.com\/tr\/bize-ulasin\/\">Bize Ula\u015f\u0131n sayfam\u0131z<\/a> arac\u0131l\u0131\u011f\u0131yla bildirebilirler. <\/li>&#13;\n<\/ul>\r\n&#13;\n<h3 class=\"wp-block-heading\">Edit\u00f6r Ekibimiz<\/h3>&#13;\n&#13;\n<p>Yazarlar\u0131m\u0131z ve edit\u00f6rlerimiz akademik ve gazetecilik ge\u00e7mi\u015flerinden geliyor. Hem Hindistan'\u0131n hem de Banglade\u015f'in e\u011fitim sistemlerini anl\u0131yoruz, bu da \u00f6nemli olan zengin i\u00e7erikli hikayeler sunmam\u0131za yard\u0131mc\u0131 oluyor. <\/p>&#13;\n&#13;\n<h3 class=\"wp-block-heading\">Sponsorlu veya \u00dc\u00e7\u00fcnc\u00fc Taraf \u0130\u00e7eri\u011fi<\/h3>&#13;\n&#13;\n<p>\u00dccretli editoryal i\u00e7eri\u011fin haber makalelerimizi etkilemesine izin vermiyoruz.<\/p>&#13;\n&#13;\n<h3 class=\"wp-block-heading\">Geri Bildirim ve D\u00fczeltmeler<\/h3>&#13;\n&#13;\n<p>Okurlar\u0131m\u0131z\u0131n g\u00f6r\u00fc\u015flerine de\u011fer veriyoruz. D\u00fczeltilmesi veya iyile\u015ftirilmesi gereken bir \u015fey fark ederseniz, l\u00fctfen editor@foxperiodical.com adresinden bize <a href=\"https:\/\/foxperiodical.com\/tr\/bize-ulasin\/\">ula\u015f\u0131n veya Bize Ula\u015f\u0131n<\/a> formumuzu kullan\u0131n. <\/p>&#13;\n","protected":false},"excerpt":{"rendered":"<p>&#13; Foxperiodical.com&#8217;da, \u00f6zellikle Banglade\u015f ve Hindistan&#8217;daki E\u011fitim, S\u0131nav G\u00fcncellemeleri, Kabul Kartlar\u0131, Sonu\u00e7lar ve \u00dcniversite Kabullerine odaklanan do\u011fru, zaman\u0131nda ve g\u00fcvenilir haberler sunmay\u0131 taahh\u00fct ediyoruz. Editoryal standartlar\u0131m\u0131z g\u00fcven, tarafs\u0131zl\u0131k ve okuyucu \u00f6ncelikli gazetecili\u011fe olan ba\u011fl\u0131l\u0131\u011f\u0131m\u0131z\u0131 yans\u0131tmaktad\u0131r. &#13; &#13; Misyonumuz &#13; &#13; Do\u011frulanm\u0131\u015f e\u011fitim haberleri i\u00e7in g\u00fcvenilir kayna\u011f\u0131n\u0131z olmay\u0131 hedefliyoruz. \u0130ster yakla\u015fan bir s\u0131nav tarihi isterse bir [&hellip;]<\/p>\n","protected":false},"author":1,"featured_media":0,"parent":0,"menu_order":0,"comment_status":"closed","ping_status":"closed","template":"","meta":{"footnotes":""},"class_list":["post-32397","page","type-page","status-publish","hentry"],"yoast_head":"<!-- This site is optimized with the Yoast SEO Premium plugin v25.3.1 (Yoast SEO v25.9) - https:\/\/yoast.com\/wordpress\/plugins\/seo\/ -->\n<title>Yay\u0131n Politikas\u0131 - Foxperiodical<\/title>\n<meta name=\"robots\" content=\"index, follow, max-snippet:-1, max-image-preview:large, max-video-preview:-1\" \/>\n<link rel=\"canonical\" href=\"https:\/\/foxperiodical.com\/tr\/yayin-politikasi\/\" \/>\n<meta property=\"og:locale\" content=\"tr_TR\" \/>\n<meta property=\"og:type\" content=\"article\" \/>\n<meta property=\"og:title\" content=\"Yay\u0131n Politikas\u0131\" \/>\n<meta property=\"og:description\" content=\"&#013; Foxperiodical.com&#039;da, \u00f6zellikle Banglade\u015f ve Hindistan&#039;daki E\u011fitim, S\u0131nav G\u00fcncellemeleri, Kabul Kartlar\u0131, Sonu\u00e7lar ve \u00dcniversite Kabullerine odaklanan do\u011fru, zaman\u0131nda ve g\u00fcvenilir haberler sunmay\u0131 taahh\u00fct ediyoruz. Editoryal standartlar\u0131m\u0131z g\u00fcven, tarafs\u0131zl\u0131k ve okuyucu \u00f6ncelikli gazetecili\u011fe olan ba\u011fl\u0131l\u0131\u011f\u0131m\u0131z\u0131 yans\u0131tmaktad\u0131r. &#013; &#013; Misyonumuz &#013; &#013; Do\u011frulanm\u0131\u015f e\u011fitim haberleri i\u00e7in g\u00fcvenilir kayna\u011f\u0131n\u0131z olmay\u0131 hedefliyoruz. \u0130ster yakla\u015fan bir s\u0131nav tarihi isterse bir [&hellip;]\" \/>\n<meta property=\"og:url\" content=\"https:\/\/foxperiodical.com\/tr\/yayin-politikasi\/\" \/>\n<meta property=\"og:site_name\" content=\"Foxperiodical\" \/>\n<meta property=\"article:modified_time\" content=\"2025-08-20T09:32:35+00:00\" \/>\n<meta name=\"twitter:card\" content=\"summary_large_image\" \/>\n<meta name=\"twitter:label1\" content=\"Tahmini okuma s\u00fcresi\" \/>\n\t<meta name=\"twitter:data1\" content=\"2 dakika\" \/>\n<script type=\"application\/ld+json\" class=\"yoast-schema-graph\">{\"@context\":\"https:\/\/schema.org\",\"@graph\":[{\"@type\":\"WebPage\",\"@id\":\"https:\/\/foxperiodical.com\/tr\/yayin-politikasi\/\",\"url\":\"https:\/\/foxperiodical.com\/tr\/yayin-politikasi\/\",\"name\":\"Yay\u0131n Politikas\u0131 - Foxperiodical\",\"isPartOf\":{\"@id\":\"http:\/\/foxperiodical.com\/tr\/#website\"},\"datePublished\":\"2025-05-08T04:53:00+00:00\",\"dateModified\":\"2025-08-20T09:32:35+00:00\",\"breadcrumb\":{\"@id\":\"https:\/\/foxperiodical.com\/tr\/yayin-politikasi\/#breadcrumb\"},\"inLanguage\":\"tr\",\"potentialAction\":[{\"@type\":\"ReadAction\",\"target\":[\"https:\/\/foxperiodical.com\/tr\/yayin-politikasi\/\"]}]},{\"@type\":\"BreadcrumbList\",\"@id\":\"https:\/\/foxperiodical.com\/tr\/yayin-politikasi\/#breadcrumb\",\"itemListElement\":[{\"@type\":\"ListItem\",\"position\":1,\"name\":\"Home\",\"item\":\"https:\/\/foxperiodical.com\/tr\/\"},{\"@type\":\"ListItem\",\"position\":2,\"name\":\"Yay\u0131n Politikas\u0131\"}]},{\"@type\":\"WebSite\",\"@id\":\"http:\/\/foxperiodical.com\/tr\/#website\",\"url\":\"http:\/\/foxperiodical.com\/tr\/\",\"name\":\"Foxperiodical\",\"description\":\"Your Trusted News Source for Crypto, Token and regulation\",\"publisher\":{\"@id\":\"http:\/\/foxperiodical.com\/tr\/#organization\"},\"potentialAction\":[{\"@type\":\"SearchAction\",\"target\":{\"@type\":\"EntryPoint\",\"urlTemplate\":\"http:\/\/foxperiodical.com\/tr\/?s={search_term_string}\"},\"query-input\":{\"@type\":\"PropertyValueSpecification\",\"valueRequired\":true,\"valueName\":\"search_term_string\"}}],\"inLanguage\":\"tr\"},{\"@type\":\"Organization\",\"@id\":\"http:\/\/foxperiodical.com\/tr\/#organization\",\"name\":\"Foxperiodical\",\"alternateName\":\"Foxperiodical News\",\"url\":\"http:\/\/foxperiodical.com\/tr\/\",\"logo\":{\"@type\":\"ImageObject\",\"inLanguage\":\"tr\",\"@id\":\"http:\/\/foxperiodical.com\/tr\/#\/schema\/logo\/image\/\",\"url\":\"http:\/\/foxperiodical.com\/wp-content\/uploads\/2025\/08\/cropped-foxperiodical-logo-red-green-eyes.webp\",\"contentUrl\":\"http:\/\/foxperiodical.com\/wp-content\/uploads\/2025\/08\/cropped-foxperiodical-logo-red-green-eyes.webp\",\"width\":512,\"height\":512,\"caption\":\"Foxperiodical\"},\"image\":{\"@id\":\"http:\/\/foxperiodical.com\/tr\/#\/schema\/logo\/image\/\"},\"publishingPrinciples\":\"http:\/\/foxperiodical.com\/ethics\/\",\"ethicsPolicy\":\"http:\/\/foxperiodical.com\/ethics\/\"}]}<\/script>\n<!-- \/ Yoast SEO Premium plugin. -->","yoast_head_json":{"title":"Yay\u0131n Politikas\u0131 - Foxperiodical","robots":{"index":"index","follow":"follow","max-snippet":"max-snippet:-1","max-image-preview":"max-image-preview:large","max-video-preview":"max-video-preview:-1"},"canonical":"https:\/\/foxperiodical.com\/tr\/yayin-politikasi\/","og_locale":"tr_TR","og_type":"article","og_title":"Yay\u0131n Politikas\u0131","og_description":"&#13; Foxperiodical.com'da, \u00f6zellikle Banglade\u015f ve Hindistan'daki E\u011fitim, S\u0131nav G\u00fcncellemeleri, Kabul Kartlar\u0131, Sonu\u00e7lar ve \u00dcniversite Kabullerine odaklanan do\u011fru, zaman\u0131nda ve g\u00fcvenilir haberler sunmay\u0131 taahh\u00fct ediyoruz. Editoryal standartlar\u0131m\u0131z g\u00fcven, tarafs\u0131zl\u0131k ve okuyucu \u00f6ncelikli gazetecili\u011fe olan ba\u011fl\u0131l\u0131\u011f\u0131m\u0131z\u0131 yans\u0131tmaktad\u0131r. &#13; &#13; Misyonumuz &#13; &#13; Do\u011frulanm\u0131\u015f e\u011fitim haberleri i\u00e7in g\u00fcvenilir kayna\u011f\u0131n\u0131z olmay\u0131 hedefliyoruz. \u0130ster yakla\u015fan bir s\u0131nav tarihi isterse bir [&hellip;]","og_url":"https:\/\/foxperiodical.com\/tr\/yayin-politikasi\/","og_site_name":"Foxperiodical","article_modified_time":"2025-08-20T09:32:35+00:00","twitter_card":"summary_large_image","twitter_misc":{"Tahmini okuma s\u00fcresi":"2 dakika"},"schema":{"@context":"https:\/\/schema.org","@graph":[{"@type":"WebPage","@id":"https:\/\/foxperiodical.com\/tr\/yayin-politikasi\/","url":"https:\/\/foxperiodical.com\/tr\/yayin-politikasi\/","name":"Yay\u0131n Politikas\u0131 - Foxperiodical","isPartOf":{"@id":"http:\/\/foxperiodical.com\/tr\/#website"},"datePublished":"2025-05-08T04:53:00+00:00","dateModified":"2025-08-20T09:32:35+00:00","breadcrumb":{"@id":"https:\/\/foxperiodical.com\/tr\/yayin-politikasi\/#breadcrumb"},"inLanguage":"tr","potentialAction":[{"@type":"ReadAction","target":["https:\/\/foxperiodical.com\/tr\/yayin-politikasi\/"]}]},{"@type":"BreadcrumbList","@id":"https:\/\/foxperiodical.com\/tr\/yayin-politikasi\/#breadcrumb","itemListElement":[{"@type":"ListItem","position":1,"name":"Home","item":"https:\/\/foxperiodical.com\/tr\/"},{"@type":"ListItem","position":2,"name":"Yay\u0131n Politikas\u0131"}]},{"@type":"WebSite","@id":"http:\/\/foxperiodical.com\/tr\/#website","url":"http:\/\/foxperiodical.com\/tr\/","name":"Foxperiodical","description":"Your Trusted News Source for Crypto, Token and regulation","publisher":{"@id":"http:\/\/foxperiodical.com\/tr\/#organization"},"potentialAction":[{"@type":"SearchAction","target":{"@type":"EntryPoint","urlTemplate":"http:\/\/foxperiodical.com\/tr\/?s={search_term_string}"},"query-input":{"@type":"PropertyValueSpecification","valueRequired":true,"valueName":"search_term_string"}}],"inLanguage":"tr"},{"@type":"Organization","@id":"http:\/\/foxperiodical.com\/tr\/#organization","name":"Foxperiodical","alternateName":"Foxperiodical News","url":"http:\/\/foxperiodical.com\/tr\/","logo":{"@type":"ImageObject","inLanguage":"tr","@id":"http:\/\/foxperiodical.com\/tr\/#\/schema\/logo\/image\/","url":"http:\/\/foxperiodical.com\/wp-content\/uploads\/2025\/08\/cropped-foxperiodical-logo-red-green-eyes.webp","contentUrl":"http:\/\/foxperiodical.com\/wp-content\/uploads\/2025\/08\/cropped-foxperiodical-logo-red-green-eyes.webp","width":512,"height":512,"caption":"Foxperiodical"},"image":{"@id":"http:\/\/foxperiodical.com\/tr\/#\/schema\/logo\/image\/"},"publishingPrinciples":"http:\/\/foxperiodical.com\/ethics\/","ethicsPolicy":"http:\/\/foxperiodical.com\/ethics\/"}]}},"yoast_meta":{"yoast_wpseo_title":"","yoast_wpseo_metadesc":"","yoast_wpseo_canonical":""},"_links":{"self":[{"href":"https:\/\/foxperiodical.com\/tr\/wp-json\/wp\/v2\/pages\/32397","targetHints":{"allow":["GET"]}}],"collection":[{"href":"https:\/\/foxperiodical.com\/tr\/wp-json\/wp\/v2\/pages"}],"about":[{"href":"https:\/\/foxperiodical.com\/tr\/wp-json\/wp\/v2\/types\/page"}],"author":[{"embeddable":true,"href":"https:\/\/foxperiodical.com\/tr\/wp-json\/wp\/v2\/users\/1"}],"replies":[{"embeddable":true,"href":"https:\/\/foxperiodical.com\/tr\/wp-json\/wp\/v2\/comments?post=32397"}],"version-history":[{"count":1,"href":"https:\/\/foxperiodical.com\/tr\/wp-json\/wp\/v2\/pages\/32397\/revisions"}],"predecessor-version":[{"id":32399,"href":"https:\/\/foxperiodical.com\/tr\/wp-json\/wp\/v2\/pages\/32397\/revisions\/32399"}],"wp:attachment":[{"href":"https:\/\/foxperiodical.com\/tr\/wp-json\/wp\/v2\/media?parent=32397"}],"curies":[{"name":"wp","href":"https:\/\/api.w.org\/{rel}","templated":true}]}}