{"id":32618,"date":"2025-05-08T10:57:25","date_gmt":"2025-05-08T04:57:25","guid":{"rendered":"https:\/\/foxperiodical.com\/dogruluk-kontrolu-politikasi\/"},"modified":"2025-08-20T15:35:21","modified_gmt":"2025-08-20T09:35:21","slug":"dogruluk-kontrolu-politikasi","status":"publish","type":"page","link":"https:\/\/foxperiodical.com\/tr\/dogruluk-kontrolu-politikasi\/","title":{"rendered":"Do\u011fruluk Kontrol\u00fc Politikas\u0131"},"content":{"rendered":"\n<p>Tbnexpress.com'da do\u011fruluk, gazetecili\u011fimizin merkezinde yer al\u0131r. Okurlar\u0131m\u0131z s\u0131nav g\u00fcncellemeleri, sonu\u00e7 haberleri, kabul kartlar\u0131 ve \u00fcniversite kabul bildirimleri i\u00e7in bize g\u00fcveniyor ve bu g\u00fcven, yay\u0131nlad\u0131\u011f\u0131m\u0131z bilgilerin do\u011frulu\u011funa ve g\u00fcvenilirli\u011fine ba\u011fl\u0131. <\/p>\n\n<p>Bu politika, makalelerimizdeki ger\u00e7ekleri nas\u0131l do\u011frulad\u0131\u011f\u0131m\u0131z\u0131 ve i\u00e7eri\u011fimizin g\u00fcvenilir, tarafs\u0131z ve yararl\u0131 olmas\u0131n\u0131 sa\u011flamak i\u00e7in izledi\u011fimiz standartlar\u0131 \u00f6zetlemektedir.<\/p>\n\n<h3 class=\"wp-block-heading\">Do\u011fruluk Taahh\u00fcd\u00fcm\u00fcz<\/h3>\n\n<p>Biz kararl\u0131y\u0131z:<\/p>\n\n<ul class=\"wp-block-list\">\n<li>Yaln\u0131zca do\u011frulanm\u0131\u015f ve ger\u00e7ek bilgileri yay\u0131nlamak<\/li>\n\n\n\n<li>Resmi e\u011fitim kurullar\u0131ndan, devlet web sitelerinden ve tan\u0131nm\u0131\u015f kurumlardan i\u00e7erik temini<\/li>\n\n\n\n<li>Spek\u00fclasyon veya s\u00f6ylentilerden ka\u00e7\u0131nmak<\/li>\n\n\n\n<li>Hatalar\u0131n olu\u015fmas\u0131 halinde \u015feffaf bir \u015fekilde d\u00fczeltilmesi<\/li>\n<\/ul>\n\n<h3 class=\"wp-block-heading\">Do\u011fruluk Kontrol S\u00fcrecimiz<\/h3>\n\n<p>Herhangi bir makale yay\u0131na girmeden \u00f6nce, yap\u0131land\u0131r\u0131lm\u0131\u015f bir do\u011fruluk kontrol s\u00fcrecinden ge\u00e7er:<\/p>\n\n<p><strong>1. Kaynak Do\u011frulama<\/strong><\/p>\n\n<p>gibi birincil kaynaklara g\u00fcveniyoruz:<\/p>\n\n<ul class=\"wp-block-list\">\n<li>Resmi e\u011fitim kurulu web siteleri (\u00f6rn. educationboard.gov.bd, nta.ac.in, vb.)<\/li>\n\n\n\n<li>Devlet portallar\u0131<\/li>\n\n\n\n<li>\u00dcniversite kabul sayfalar\u0131<\/li>\n\n\n\n<li>Resmi bas\u0131n a\u00e7\u0131klamalar\u0131 ve bildiriler<\/li>\n<\/ul>\n\n<p><strong>2. \u00c7apraz Do\u011frulama<\/strong><\/p>\n\n<p>Ayn\u0131 haber birden fazla kaynakta yer al\u0131yorsa, tutarl\u0131l\u0131\u011f\u0131 sa\u011flamak i\u00e7in ayr\u0131nt\u0131lar\u0131 kar\u015f\u0131la\u015ft\u0131r\u0131p \u00e7apraz do\u011frulama yap\u0131yoruz.<\/p>\n\n<p><strong>3. Tarih ve Belge Do\u011frulama<\/strong><\/p>\n\n<p>Her zaman kayna\u011f\u0131n yay\u0131n tarihini kontrol eder, PDF bildirimlerini teyit eder ve resmi belgeleri do\u011fruluk a\u00e7\u0131s\u0131ndan inceleriz.<\/p>\n\n<p><strong>4. Editoryal G\u00f6zetim<\/strong><\/p>\n\n<p>T\u00fcm i\u00e7erikler, tutars\u0131zl\u0131klar\u0131, yanl\u0131\u015f yorumlar\u0131 veya g\u00fcncel olmayan bilgileri yakalamak i\u00e7in edit\u00f6r ekibimiz taraf\u0131ndan incelenir.<\/p>\n\n<h3 class=\"wp-block-heading\">Ger\u00e7ek Zamanl\u0131 G\u00fcncellemeler<\/h3>\n\n<p>E\u011fitim haberleri -\u00f6zellikle s\u0131nav tarihleri, giri\u015f kartlar\u0131 ve sonu\u00e7lar- h\u0131zla de\u011fi\u015febilir. \u0130\u015fte bu y\u00fczden: <\/p>\n\n<ul class=\"wp-block-list\">\n<li>Yeni ayr\u0131nt\u0131lar a\u00e7\u0131kland\u0131\u011f\u0131nda makaleleri derhal g\u00fcncelliyoruz.  <\/li>\n\n\n\n<li>\u00d6nemli de\u011fi\u015fiklikler \"Son G\u00fcncelleme\" zaman damgas\u0131 ile vurgulan\u0131r.<\/li>\n\n\n\n<li>A\u015fa\u011f\u0131daki gibi feragatnameler ekliyoruz:<\/li>\n<\/ul>\n\n<blockquote class=\"wp-block-quote is-layout-flow wp-block-quote-is-layout-flow\">\n<p>\"Bu makale yeni bilgiler elde edildik\u00e7e g\u00fcncellenecektir.\"<\/p>\n<\/blockquote>\n\n<h3 class=\"wp-block-heading\">Nelerden Ka\u00e7\u0131n\u0131yoruz<\/h3>\n\n<ul class=\"wp-block-list\">\n<li>Do\u011frulanmam\u0131\u015f s\u00f6ylentiler<\/li>\n\n\n\n<li>Resmi bir makamdan gelmedi\u011fi s\u00fcrece sosyal medya payla\u015f\u0131mlar\u0131<\/li>\n\n\n\n<li>Verilerini a\u00e7\u0131k\u00e7a belirtmeyen \u00fc\u00e7\u00fcnc\u00fc taraf kaynaklar<\/li>\n<\/ul>\n\n<h3 class=\"wp-block-heading\">D\u00fczeltme ve Geri Bildirim<\/h3>\n\n<p>En iyi \u00e7abalar\u0131m\u0131za ra\u011fmen, bir hata ortaya \u00e7\u0131karsa:<\/p>\n\n<ul class=\"wp-block-list\">\n<li>Tespit edilir edilmez d\u00fczeltece\u011fiz.<\/li>\n\n\n\n<li>Neyin de\u011fi\u015ftirildi\u011fini a\u00e7\u0131kl\u0131\u011fa kavu\u015fturmak i\u00e7in bir not eklenebilir.<\/li>\n\n\n\n<li>Kullan\u0131c\u0131lar e-posta g\u00f6ndererek ger\u00e7ek hatalar\u0131 bildirebilirler: contact@foxperiodical.com<\/li>\n<\/ul>\n","protected":false},"excerpt":{"rendered":"<p>Tbnexpress.com&#8217;da do\u011fruluk, gazetecili\u011fimizin merkezinde yer al\u0131r. Okurlar\u0131m\u0131z s\u0131nav g\u00fcncellemeleri, sonu\u00e7 haberleri, kabul kartlar\u0131 ve \u00fcniversite kabul bildirimleri i\u00e7in bize g\u00fcveniyor ve bu g\u00fcven, yay\u0131nlad\u0131\u011f\u0131m\u0131z bilgilerin do\u011frulu\u011funa ve g\u00fcvenilirli\u011fine ba\u011fl\u0131. Bu politika, makalelerimizdeki ger\u00e7ekleri nas\u0131l do\u011frulad\u0131\u011f\u0131m\u0131z\u0131 ve i\u00e7eri\u011fimizin g\u00fcvenilir, tarafs\u0131z ve yararl\u0131 olmas\u0131n\u0131 sa\u011flamak i\u00e7in izledi\u011fimiz standartlar\u0131 \u00f6zetlemektedir. Do\u011fruluk Taahh\u00fcd\u00fcm\u00fcz Biz kararl\u0131y\u0131z: Do\u011fruluk Kontrol S\u00fcrecimiz Herhangi [&hellip;]<\/p>\n","protected":false},"author":1,"featured_media":0,"parent":0,"menu_order":0,"comment_status":"closed","ping_status":"closed","template":"","meta":{"footnotes":""},"class_list":["post-32618","page","type-page","status-publish","hentry"],"yoast_head":"<!-- This site is optimized with the Yoast SEO Premium plugin v25.3.1 (Yoast SEO v25.9) - https:\/\/yoast.com\/wordpress\/plugins\/seo\/ -->\n<title>Do\u011fruluk Kontrol\u00fc Politikas\u0131 - Foxperiodical<\/title>\n<meta name=\"robots\" content=\"index, follow, max-snippet:-1, max-image-preview:large, max-video-preview:-1\" \/>\n<link rel=\"canonical\" href=\"https:\/\/foxperiodical.com\/tr\/dogruluk-kontrolu-politikasi\/\" \/>\n<meta property=\"og:locale\" content=\"tr_TR\" \/>\n<meta property=\"og:type\" content=\"article\" \/>\n<meta property=\"og:title\" content=\"Do\u011fruluk Kontrol\u00fc Politikas\u0131\" \/>\n<meta property=\"og:description\" content=\"Tbnexpress.com&#039;da do\u011fruluk, gazetecili\u011fimizin merkezinde yer al\u0131r. Okurlar\u0131m\u0131z s\u0131nav g\u00fcncellemeleri, sonu\u00e7 haberleri, kabul kartlar\u0131 ve \u00fcniversite kabul bildirimleri i\u00e7in bize g\u00fcveniyor ve bu g\u00fcven, yay\u0131nlad\u0131\u011f\u0131m\u0131z bilgilerin do\u011frulu\u011funa ve g\u00fcvenilirli\u011fine ba\u011fl\u0131. Bu politika, makalelerimizdeki ger\u00e7ekleri nas\u0131l do\u011frulad\u0131\u011f\u0131m\u0131z\u0131 ve i\u00e7eri\u011fimizin g\u00fcvenilir, tarafs\u0131z ve yararl\u0131 olmas\u0131n\u0131 sa\u011flamak i\u00e7in izledi\u011fimiz standartlar\u0131 \u00f6zetlemektedir. Do\u011fruluk Taahh\u00fcd\u00fcm\u00fcz Biz kararl\u0131y\u0131z: Do\u011fruluk Kontrol S\u00fcrecimiz Herhangi [&hellip;]\" \/>\n<meta property=\"og:url\" content=\"https:\/\/foxperiodical.com\/tr\/dogruluk-kontrolu-politikasi\/\" \/>\n<meta property=\"og:site_name\" content=\"Foxperiodical\" \/>\n<meta property=\"article:modified_time\" content=\"2025-08-20T09:35:21+00:00\" \/>\n<meta name=\"twitter:card\" content=\"summary_large_image\" \/>\n<meta name=\"twitter:label1\" content=\"Tahmini okuma s\u00fcresi\" \/>\n\t<meta name=\"twitter:data1\" content=\"2 dakika\" \/>\n<script type=\"application\/ld+json\" class=\"yoast-schema-graph\">{\"@context\":\"https:\/\/schema.org\",\"@graph\":[{\"@type\":\"WebPage\",\"@id\":\"https:\/\/foxperiodical.com\/tr\/dogruluk-kontrolu-politikasi\/\",\"url\":\"https:\/\/foxperiodical.com\/tr\/dogruluk-kontrolu-politikasi\/\",\"name\":\"Do\u011fruluk Kontrol\u00fc Politikas\u0131 - Foxperiodical\",\"isPartOf\":{\"@id\":\"https:\/\/foxperiodical.com\/tr\/#website\"},\"datePublished\":\"2025-05-08T04:57:25+00:00\",\"dateModified\":\"2025-08-20T09:35:21+00:00\",\"breadcrumb\":{\"@id\":\"https:\/\/foxperiodical.com\/tr\/dogruluk-kontrolu-politikasi\/#breadcrumb\"},\"inLanguage\":\"tr\",\"potentialAction\":[{\"@type\":\"ReadAction\",\"target\":[\"https:\/\/foxperiodical.com\/tr\/dogruluk-kontrolu-politikasi\/\"]}]},{\"@type\":\"BreadcrumbList\",\"@id\":\"https:\/\/foxperiodical.com\/tr\/dogruluk-kontrolu-politikasi\/#breadcrumb\",\"itemListElement\":[{\"@type\":\"ListItem\",\"position\":1,\"name\":\"Home\",\"item\":\"https:\/\/foxperiodical.com\/tr\/\"},{\"@type\":\"ListItem\",\"position\":2,\"name\":\"Do\u011fruluk Kontrol\u00fc Politikas\u0131\"}]},{\"@type\":\"WebSite\",\"@id\":\"https:\/\/foxperiodical.com\/tr\/#website\",\"url\":\"https:\/\/foxperiodical.com\/tr\/\",\"name\":\"Foxperiodical\",\"description\":\"Your Trusted News Source for Crypto, Token and regulation\",\"publisher\":{\"@id\":\"https:\/\/foxperiodical.com\/tr\/#organization\"},\"potentialAction\":[{\"@type\":\"SearchAction\",\"target\":{\"@type\":\"EntryPoint\",\"urlTemplate\":\"https:\/\/foxperiodical.com\/tr\/?s={search_term_string}\"},\"query-input\":{\"@type\":\"PropertyValueSpecification\",\"valueRequired\":true,\"valueName\":\"search_term_string\"}}],\"inLanguage\":\"tr\"},{\"@type\":\"Organization\",\"@id\":\"https:\/\/foxperiodical.com\/tr\/#organization\",\"name\":\"Foxperiodical\",\"alternateName\":\"Foxperiodical News\",\"url\":\"https:\/\/foxperiodical.com\/tr\/\",\"logo\":{\"@type\":\"ImageObject\",\"inLanguage\":\"tr\",\"@id\":\"https:\/\/foxperiodical.com\/tr\/#\/schema\/logo\/image\/\",\"url\":\"http:\/\/foxperiodical.com\/wp-content\/uploads\/2025\/08\/cropped-foxperiodical-logo-red-green-eyes.webp\",\"contentUrl\":\"http:\/\/foxperiodical.com\/wp-content\/uploads\/2025\/08\/cropped-foxperiodical-logo-red-green-eyes.webp\",\"width\":512,\"height\":512,\"caption\":\"Foxperiodical\"},\"image\":{\"@id\":\"https:\/\/foxperiodical.com\/tr\/#\/schema\/logo\/image\/\"},\"publishingPrinciples\":\"https:\/\/foxperiodical.com\/ethics\/\",\"ethicsPolicy\":\"https:\/\/foxperiodical.com\/ethics\/\"}]}<\/script>\n<!-- \/ Yoast SEO Premium plugin. -->","yoast_head_json":{"title":"Do\u011fruluk Kontrol\u00fc Politikas\u0131 - Foxperiodical","robots":{"index":"index","follow":"follow","max-snippet":"max-snippet:-1","max-image-preview":"max-image-preview:large","max-video-preview":"max-video-preview:-1"},"canonical":"https:\/\/foxperiodical.com\/tr\/dogruluk-kontrolu-politikasi\/","og_locale":"tr_TR","og_type":"article","og_title":"Do\u011fruluk Kontrol\u00fc Politikas\u0131","og_description":"Tbnexpress.com'da do\u011fruluk, gazetecili\u011fimizin merkezinde yer al\u0131r. Okurlar\u0131m\u0131z s\u0131nav g\u00fcncellemeleri, sonu\u00e7 haberleri, kabul kartlar\u0131 ve \u00fcniversite kabul bildirimleri i\u00e7in bize g\u00fcveniyor ve bu g\u00fcven, yay\u0131nlad\u0131\u011f\u0131m\u0131z bilgilerin do\u011frulu\u011funa ve g\u00fcvenilirli\u011fine ba\u011fl\u0131. Bu politika, makalelerimizdeki ger\u00e7ekleri nas\u0131l do\u011frulad\u0131\u011f\u0131m\u0131z\u0131 ve i\u00e7eri\u011fimizin g\u00fcvenilir, tarafs\u0131z ve yararl\u0131 olmas\u0131n\u0131 sa\u011flamak i\u00e7in izledi\u011fimiz standartlar\u0131 \u00f6zetlemektedir. Do\u011fruluk Taahh\u00fcd\u00fcm\u00fcz Biz kararl\u0131y\u0131z: Do\u011fruluk Kontrol S\u00fcrecimiz Herhangi [&hellip;]","og_url":"https:\/\/foxperiodical.com\/tr\/dogruluk-kontrolu-politikasi\/","og_site_name":"Foxperiodical","article_modified_time":"2025-08-20T09:35:21+00:00","twitter_card":"summary_large_image","twitter_misc":{"Tahmini okuma s\u00fcresi":"2 dakika"},"schema":{"@context":"https:\/\/schema.org","@graph":[{"@type":"WebPage","@id":"https:\/\/foxperiodical.com\/tr\/dogruluk-kontrolu-politikasi\/","url":"https:\/\/foxperiodical.com\/tr\/dogruluk-kontrolu-politikasi\/","name":"Do\u011fruluk Kontrol\u00fc Politikas\u0131 - Foxperiodical","isPartOf":{"@id":"https:\/\/foxperiodical.com\/tr\/#website"},"datePublished":"2025-05-08T04:57:25+00:00","dateModified":"2025-08-20T09:35:21+00:00","breadcrumb":{"@id":"https:\/\/foxperiodical.com\/tr\/dogruluk-kontrolu-politikasi\/#breadcrumb"},"inLanguage":"tr","potentialAction":[{"@type":"ReadAction","target":["https:\/\/foxperiodical.com\/tr\/dogruluk-kontrolu-politikasi\/"]}]},{"@type":"BreadcrumbList","@id":"https:\/\/foxperiodical.com\/tr\/dogruluk-kontrolu-politikasi\/#breadcrumb","itemListElement":[{"@type":"ListItem","position":1,"name":"Home","item":"https:\/\/foxperiodical.com\/tr\/"},{"@type":"ListItem","position":2,"name":"Do\u011fruluk Kontrol\u00fc Politikas\u0131"}]},{"@type":"WebSite","@id":"https:\/\/foxperiodical.com\/tr\/#website","url":"https:\/\/foxperiodical.com\/tr\/","name":"Foxperiodical","description":"Your Trusted News Source for Crypto, Token and regulation","publisher":{"@id":"https:\/\/foxperiodical.com\/tr\/#organization"},"potentialAction":[{"@type":"SearchAction","target":{"@type":"EntryPoint","urlTemplate":"https:\/\/foxperiodical.com\/tr\/?s={search_term_string}"},"query-input":{"@type":"PropertyValueSpecification","valueRequired":true,"valueName":"search_term_string"}}],"inLanguage":"tr"},{"@type":"Organization","@id":"https:\/\/foxperiodical.com\/tr\/#organization","name":"Foxperiodical","alternateName":"Foxperiodical News","url":"https:\/\/foxperiodical.com\/tr\/","logo":{"@type":"ImageObject","inLanguage":"tr","@id":"https:\/\/foxperiodical.com\/tr\/#\/schema\/logo\/image\/","url":"http:\/\/foxperiodical.com\/wp-content\/uploads\/2025\/08\/cropped-foxperiodical-logo-red-green-eyes.webp","contentUrl":"http:\/\/foxperiodical.com\/wp-content\/uploads\/2025\/08\/cropped-foxperiodical-logo-red-green-eyes.webp","width":512,"height":512,"caption":"Foxperiodical"},"image":{"@id":"https:\/\/foxperiodical.com\/tr\/#\/schema\/logo\/image\/"},"publishingPrinciples":"https:\/\/foxperiodical.com\/ethics\/","ethicsPolicy":"https:\/\/foxperiodical.com\/ethics\/"}]}},"yoast_meta":{"yoast_wpseo_title":"","yoast_wpseo_metadesc":"","yoast_wpseo_canonical":""},"_links":{"self":[{"href":"https:\/\/foxperiodical.com\/tr\/wp-json\/wp\/v2\/pages\/32618","targetHints":{"allow":["GET"]}}],"collection":[{"href":"https:\/\/foxperiodical.com\/tr\/wp-json\/wp\/v2\/pages"}],"about":[{"href":"https:\/\/foxperiodical.com\/tr\/wp-json\/wp\/v2\/types\/page"}],"author":[{"embeddable":true,"href":"https:\/\/foxperiodical.com\/tr\/wp-json\/wp\/v2\/users\/1"}],"replies":[{"embeddable":true,"href":"https:\/\/foxperiodical.com\/tr\/wp-json\/wp\/v2\/comments?post=32618"}],"version-history":[{"count":1,"href":"https:\/\/foxperiodical.com\/tr\/wp-json\/wp\/v2\/pages\/32618\/revisions"}],"predecessor-version":[{"id":32619,"href":"https:\/\/foxperiodical.com\/tr\/wp-json\/wp\/v2\/pages\/32618\/revisions\/32619"}],"wp:attachment":[{"href":"https:\/\/foxperiodical.com\/tr\/wp-json\/wp\/v2\/media?parent=32618"}],"curies":[{"name":"wp","href":"https:\/\/api.w.org\/{rel}","templated":true}]}}